{"id":319,"date":"2026-01-30T09:29:06","date_gmt":"2026-01-30T08:29:06","guid":{"rendered":"https:\/\/dev.drdzinic.homepage.rs\/team\/"},"modified":"2026-02-09T11:32:18","modified_gmt":"2026-02-09T10:32:18","slug":"team","status":"publish","type":"page","link":"https:\/\/dev.drdzinic.homepage.rs\/en\/team\/","title":{"rendered":"Team"},"content":{"rendered":"","protected":false},"excerpt":{"rendered":"","protected":false},"author":1,"featured_media":0,"parent":0,"menu_order":0,"comment_status":"closed","ping_status":"closed","template":"","meta":{"_acf_changed":false,"inline_featured_image":false,"footnotes":""},"class_list":["post-319","page","type-page","status-publish","hentry"],"acf":[],"yoast_head":"<!-- This site is optimized with the Yoast SEO plugin v27.1.1 - https:\/\/yoast.com\/product\/yoast-seo-wordpress\/ -->\n<title>Team - O\u010dna bolnica prof. dr D\u017eini\u0107<\/title>\n<meta name=\"robots\" content=\"noindex, follow, max-snippet:-1, max-image-preview:large, max-video-preview:-1\" \/>\n<meta property=\"og:locale\" content=\"en_US\" \/>\n<meta property=\"og:type\" content=\"article\" \/>\n<meta property=\"og:title\" content=\"Team - O\u010dna bolnica prof. dr D\u017eini\u0107\" \/>\n<meta property=\"og:url\" content=\"https:\/\/dev.drdzinic.homepage.rs\/en\/team\/\" \/>\n<meta property=\"og:site_name\" content=\"O\u010dna bolnica prof. dr D\u017eini\u0107\" \/>\n<meta property=\"article:modified_time\" content=\"2026-02-09T10:32:18+00:00\" \/>\n<meta name=\"twitter:card\" content=\"summary_large_image\" \/>\n<script type=\"application\/ld+json\" class=\"yoast-schema-graph\">{\"@context\":\"https:\/\/schema.org\",\"@graph\":[{\"@type\":\"WebPage\",\"@id\":\"https:\/\/dev.drdzinic.homepage.rs\/en\/team\/\",\"url\":\"https:\/\/dev.drdzinic.homepage.rs\/en\/team\/\",\"name\":\"Team - O\u010dna bolnica prof. dr D\u017eini\u0107\",\"isPartOf\":{\"@id\":\"https:\/\/dev.drdzinic.homepage.rs\/en\/#website\"},\"datePublished\":\"2026-01-30T08:29:06+00:00\",\"dateModified\":\"2026-02-09T10:32:18+00:00\",\"breadcrumb\":{\"@id\":\"https:\/\/dev.drdzinic.homepage.rs\/en\/team\/#breadcrumb\"},\"inLanguage\":\"en-US\",\"potentialAction\":[{\"@type\":\"ReadAction\",\"target\":[\"https:\/\/dev.drdzinic.homepage.rs\/en\/team\/\"]}]},{\"@type\":\"BreadcrumbList\",\"@id\":\"https:\/\/dev.drdzinic.homepage.rs\/en\/team\/#breadcrumb\",\"itemListElement\":[{\"@type\":\"ListItem\",\"position\":1,\"name\":\"Po\u010detna\",\"item\":\"https:\/\/dev.drdzinic.homepage.rs\/en\/\"},{\"@type\":\"ListItem\",\"position\":2,\"name\":\"Team\"}]},{\"@type\":\"WebSite\",\"@id\":\"https:\/\/dev.drdzinic.homepage.rs\/en\/#website\",\"url\":\"https:\/\/dev.drdzinic.homepage.rs\/en\/\",\"name\":\"O\u010dna bolnica prof. dr D\u017eini\u0107\",\"description\":\"O\u010dna bolnica prof. dr D\u017eini\u0107\",\"alternateName\":\"O\u010dna bolnica prof. dr D\u017eini\u0107\",\"potentialAction\":[{\"@type\":\"SearchAction\",\"target\":{\"@type\":\"EntryPoint\",\"urlTemplate\":\"https:\/\/dev.drdzinic.homepage.rs\/en\/?s={search_term_string}\"},\"query-input\":{\"@type\":\"PropertyValueSpecification\",\"valueRequired\":true,\"valueName\":\"search_term_string\"}}],\"inLanguage\":\"en-US\"}]}<\/script>\n<!-- \/ Yoast SEO plugin. -->","yoast_head_json":{"title":"Team - O\u010dna bolnica prof. dr D\u017eini\u0107","robots":{"index":"noindex","follow":"follow","max-snippet":"max-snippet:-1","max-image-preview":"max-image-preview:large","max-video-preview":"max-video-preview:-1"},"og_locale":"en_US","og_type":"article","og_title":"Team - O\u010dna bolnica prof. dr D\u017eini\u0107","og_url":"https:\/\/dev.drdzinic.homepage.rs\/en\/team\/","og_site_name":"O\u010dna bolnica prof. dr D\u017eini\u0107","article_modified_time":"2026-02-09T10:32:18+00:00","twitter_card":"summary_large_image","schema":{"@context":"https:\/\/schema.org","@graph":[{"@type":"WebPage","@id":"https:\/\/dev.drdzinic.homepage.rs\/en\/team\/","url":"https:\/\/dev.drdzinic.homepage.rs\/en\/team\/","name":"Team - O\u010dna bolnica prof. dr D\u017eini\u0107","isPartOf":{"@id":"https:\/\/dev.drdzinic.homepage.rs\/en\/#website"},"datePublished":"2026-01-30T08:29:06+00:00","dateModified":"2026-02-09T10:32:18+00:00","breadcrumb":{"@id":"https:\/\/dev.drdzinic.homepage.rs\/en\/team\/#breadcrumb"},"inLanguage":"en-US","potentialAction":[{"@type":"ReadAction","target":["https:\/\/dev.drdzinic.homepage.rs\/en\/team\/"]}]},{"@type":"BreadcrumbList","@id":"https:\/\/dev.drdzinic.homepage.rs\/en\/team\/#breadcrumb","itemListElement":[{"@type":"ListItem","position":1,"name":"Po\u010detna","item":"https:\/\/dev.drdzinic.homepage.rs\/en\/"},{"@type":"ListItem","position":2,"name":"Team"}]},{"@type":"WebSite","@id":"https:\/\/dev.drdzinic.homepage.rs\/en\/#website","url":"https:\/\/dev.drdzinic.homepage.rs\/en\/","name":"O\u010dna bolnica prof. dr D\u017eini\u0107","description":"O\u010dna bolnica prof. dr D\u017eini\u0107","alternateName":"O\u010dna bolnica prof. dr D\u017eini\u0107","potentialAction":[{"@type":"SearchAction","target":{"@type":"EntryPoint","urlTemplate":"https:\/\/dev.drdzinic.homepage.rs\/en\/?s={search_term_string}"},"query-input":{"@type":"PropertyValueSpecification","valueRequired":true,"valueName":"search_term_string"}}],"inLanguage":"en-US"}]}},"_links":{"self":[{"href":"https:\/\/dev.drdzinic.homepage.rs\/en\/wp-json\/wp\/v2\/pages\/319","targetHints":{"allow":["GET"]}}],"collection":[{"href":"https:\/\/dev.drdzinic.homepage.rs\/en\/wp-json\/wp\/v2\/pages"}],"about":[{"href":"https:\/\/dev.drdzinic.homepage.rs\/en\/wp-json\/wp\/v2\/types\/page"}],"author":[{"embeddable":true,"href":"https:\/\/dev.drdzinic.homepage.rs\/en\/wp-json\/wp\/v2\/users\/1"}],"replies":[{"embeddable":true,"href":"https:\/\/dev.drdzinic.homepage.rs\/en\/wp-json\/wp\/v2\/comments?post=319"}],"version-history":[{"count":1,"href":"https:\/\/dev.drdzinic.homepage.rs\/en\/wp-json\/wp\/v2\/pages\/319\/revisions"}],"predecessor-version":[{"id":678,"href":"https:\/\/dev.drdzinic.homepage.rs\/en\/wp-json\/wp\/v2\/pages\/319\/revisions\/678"}],"wp:attachment":[{"href":"https:\/\/dev.drdzinic.homepage.rs\/en\/wp-json\/wp\/v2\/media?parent=319"}],"curies":[{"name":"wp","href":"https:\/\/api.w.org\/{rel}","templated":true}]}}